{"id":10631,"date":"2026-01-09T20:11:48","date_gmt":"2026-01-09T20:11:48","guid":{"rendered":"https:\/\/herbalmind.eu\/sklep\/new-herbalheart-paradise-garden-herbal-pouches-with-kanna-sceletium-tortuosum-10-pcs\/"},"modified":"2026-04-07T12:09:47","modified_gmt":"2026-04-07T12:09:47","slug":"new-herbalheart-paradise-garden-herbal-pouches-with-kanna-sceletium-tortuosum-10-pcs","status":"publish","type":"product","link":"https:\/\/herbalmind.eu\/en\/sklep\/new-herbalheart-paradise-garden-herbal-pouches-with-kanna-sceletium-tortuosum-10-pcs\/","title":{"rendered":"NEW! HerbalHeart Paradise Garden \u2013 herbal pouches with Kanna (Sceletium tortuosum) \u2013 10 pcs."},"content":{"rendered":"<h2>HerbalHeart Paradise Garden \u2013 herbal pouches with Kanna (Sceletium tortuosum) description<\/h2>\n<p>HerbalHeart pouches with Kanna (Sceletium tortuosum) are something truly unique in the world of energy pouches!<\/p>\n<p>The special HerbalHeart formula is designed to support your energy \u2013 especially in social situations. \ud83e\udd73<\/p>\n<h3>Each HerbalHeart energy pouch contains the following active ingredients:<\/h3>\n<ul>\n<li>Fermented ground Kanna herb (Sceletium tortuosum) \u2013 <strong>150 mg \/ pouch<\/strong><\/li>\n<li>Caffeine \u2013<strong> 20 mg \/ pouch<\/strong><\/li>\n<li>Korean ginseng extract (Panax ginseng) \u2013 standardized to 10% ginsenosides \u2013<strong> 40 mg \/ pouch<\/strong><\/li>\n<li>Rhodiola rosea extract (Rhodiola rosea) \u2013 standardized to 5% salidroside \u2013 <strong>35 mg \/ pouch<\/strong><\/li>\n<li>Ground Siberian ginseng (Eleutherococcus senticosus) \u2013<strong> 40 mg \/ pouch<\/strong><\/li>\n<\/ul>\n<h2><strong>PARADISE GARDEN flavor description<\/strong><\/h2>\n<p>Mango \u00d7 Raspberry \u00d7 Rose \u00d7 HerbalHeart herbs blend<\/p>\n<p>Close your eyes and imagine Paradise Garden \u2014 a place where the aromas of fruits and flowers float in the air and wrap around you like a soft, fluffy cloud.<\/p>\n<p>The dominant aromas in this version are juicy raspberry and tropical mango \u2013 a combination straight from paradise. A subtle hint of rose enhances the composition, while the whole is completed by the natural aromas of our herbs. \ud83e\udd6d<\/p>\n<h3><strong>INGREDIENTS<\/strong><\/h3>\n<p>Fermented Kanna herb (Sceletium tortuosum) (150 mg\/pouch), Acmella oleracea herb, Korean ginseng extract \u2013 standardized to 10% ginsenosides (40 mg\/pouch), Siberian ginseng root, Rhodiola rosea extract \u2013 standardized to 5% salidroside (35 mg\/pouch), vitamin C, yeast flakes, baking soda, barberry fruit, anhydrous caffeine (20 mg\/pouch), hibiscus petals, juniper fruit, stevia extract \u2013 standardized to 95% steviol glycosides, cornflower petals, safflower flower, cayenne pepper, menthol, plant-based glycerin, natural flavors, lemon essential oil (Citrus limon).   <\/p>\n<h3><strong>WARNING!<\/strong><\/h3>\n<p>The product contains caffeine and plant-based adaptogens.<\/p>\n<p><strong>WARNING! <\/strong>Use is prohibited for minors, pregnant or breastfeeding women, and individuals allergic or sensitive to any of the ingredients. The product contains caffeine and is not intended for people with heart disease, hypertension, or diabetes. It contains lemon essential oil. It may cause allergic reactions. In case of any adverse reactions, discontinue use and seek medical assistance.    <\/p>\n<p><strong>Do not combine with medications.<\/strong><\/p>\n<p><strong>Do not combine with alkohol.<\/strong><\/p>\n<p><strong>Keep out of reach of children!<\/strong><\/p>\n<p>Produced in the EU.<\/p>\n<h3><strong>INSTRUCTIONS<\/strong><\/h3>\n<p>Place the pouch under your upper lip and let it release its aroma for 40 minutes. Do not swallow, bite, or chew. Dispose of the used pouch in an appropriate waste container.  <\/p>\n<h3><strong>COMPLAINT INFORMATION<\/strong><\/h3>\n<p>Due to the product\u2019s nature, we cannot accept returns of \u201cHerbal Heart energy pouches\u201d once the packaging has been opened. Please read the description carefully before purchasing to ensure HerbalMind meets your expectations. If you have any doubts, we\u2019re happy to help! Thank you for your understanding and we wish you plenty of natural energy!<\/p>\n<p>Label available only in Polish    <\/p>\n<p><a href=\"https:\/\/herbalmind.eu\/en\/kategoria-produktu\/pouches-with-kanna-herbalheart\/\">HerbalHeart with kanna (Sceletium tortuosum) \u2013 buy here.<\/a><\/p>\n","protected":false},"excerpt":{"rendered":"<p>One can contains 8 HerbalHeart pouches with kanna (Sceletium tortuosum), and each pouch contains a high dose of adaptogens and caffeine that will give you energy.<\/p>\n<p>EAN (GTIN) 5907497235838<\/p>\n","protected":false},"featured_media":10633,"comment_status":"open","ping_status":"closed","template":"","meta":{"site-sidebar-layout":"default","site-content-layout":"","ast-site-content-layout":"default","site-content-style":"default","site-sidebar-style":"default","ast-global-header-display":"","ast-banner-title-visibility":"","ast-main-header-display":"","ast-hfb-above-header-display":"","ast-hfb-below-header-display":"","ast-hfb-mobile-header-display":"","site-post-title":"","ast-breadcrumbs-content":"","ast-featured-img":"","footer-sml-layout":"","ast-disable-related-posts":"","theme-transparent-header-meta":"default","adv-header-id-meta":"","stick-header-meta":"","header-above-stick-meta":"","header-main-stick-meta":"","header-below-stick-meta":"","astra-migrate-meta-layouts":"default","ast-page-background-enabled":"default","ast-page-background-meta":{"desktop":{"background-color":"","background-image":"","background-repeat":"repeat","background-position":"center center","background-size":"auto","background-attachment":"scroll","background-type":"","background-media":"","overlay-type":"","overlay-color":"","overlay-opacity":"","overlay-gradient":""},"tablet":{"background-color":"","background-image":"","background-repeat":"repeat","background-position":"center center","background-size":"auto","background-attachment":"scroll","background-type":"","background-media":"","overlay-type":"","overlay-color":"","overlay-opacity":"","overlay-gradient":""},"mobile":{"background-color":"","background-image":"","background-repeat":"repeat","background-position":"center center","background-size":"auto","background-attachment":"scroll","background-type":"","background-media":"","overlay-type":"","overlay-color":"","overlay-opacity":"","overlay-gradient":""}},"ast-content-background-meta":{"desktop":{"background-color":"var(--ast-global-color-5)","background-image":"","background-repeat":"repeat","background-position":"center center","background-size":"auto","background-attachment":"scroll","background-type":"","background-media":"","overlay-type":"","overlay-color":"","overlay-opacity":"","overlay-gradient":""},"tablet":{"background-color":"var(--ast-global-color-5)","background-image":"","background-repeat":"repeat","background-position":"center center","background-size":"auto","background-attachment":"scroll","background-type":"","background-media":"","overlay-type":"","overlay-color":"","overlay-opacity":"","overlay-gradient":""},"mobile":{"background-color":"var(--ast-global-color-5)","background-image":"","background-repeat":"repeat","background-position":"center center","background-size":"auto","background-attachment":"scroll","background-type":"","background-media":"","overlay-type":"","overlay-color":"","overlay-opacity":"","overlay-gradient":""}}},"product_brand":[],"product_cat":[280,299],"product_tag":[284,288,304,302,301,306,287,305,285,293,303],"class_list":{"0":"post-10631","1":"product","2":"type-product","3":"status-publish","4":"has-post-thumbnail","6":"product_cat-fruit-pouches","7":"product_cat-pouches-with-kanna-herbalheart","8":"product_tag-adaptogens","9":"product_tag-ginseng","10":"product_tag-herbalheart","11":"product_tag-kanna","12":"product_tag-kanna-sceletium-tortuosum","13":"product_tag-kanna-pouches","14":"product_tag-panax-ginseng","15":"product_tag-pouches-with-kanna","16":"product_tag-rhodiola-rosea","17":"product_tag-rhodiola-rosea-2","18":"product_tag-sceletium-tortuosum","19":"desktop-align-center","20":"tablet-align-center","21":"mobile-align-center","23":"first","24":"instock","25":"featured","26":"taxable","27":"shipping-taxable","28":"purchasable","29":"product-type-simple"},"yoast_head":"<!-- This site is optimized with the Yoast SEO plugin v27.3 - https:\/\/yoast.com\/product\/yoast-seo-wordpress\/ -->\n<title>Kanna pouches \u2013 HerbalHeart Paradise Garden \u2013 10 pieces.<\/title>\n<meta name=\"description\" content=\"HerbalHeart pouches with Kanna (Sceletium tortuosum) are designed to support your energy \u2013 especially in social situations.\" \/>\n<meta name=\"robots\" content=\"index, follow, max-snippet:-1, max-image-preview:large, max-video-preview:-1\" \/>\n<link rel=\"canonical\" href=\"https:\/\/herbalmind.eu\/en\/sklep\/new-herbalheart-paradise-garden-herbal-pouches-with-kanna-sceletium-tortuosum-10-pcs\/\" \/>\n<meta property=\"og:locale\" content=\"en_US\" \/>\n<meta property=\"og:type\" content=\"article\" \/>\n<meta property=\"og:title\" content=\"Kanna pouches \u2013 HerbalHeart Paradise Garden \u2013 10 pieces.\" \/>\n<meta property=\"og:description\" content=\"HerbalHeart pouches with Kanna (Sceletium tortuosum) are designed to support your energy \u2013 especially in social situations.\" \/>\n<meta property=\"og:url\" content=\"https:\/\/herbalmind.eu\/en\/sklep\/new-herbalheart-paradise-garden-herbal-pouches-with-kanna-sceletium-tortuosum-10-pcs\/\" \/>\n<meta property=\"og:site_name\" content=\"Herbalmind\" \/>\n<meta property=\"article:publisher\" content=\"https:\/\/www.facebook.com\/saszetki.energetyczne.herbal.mind\" \/>\n<meta property=\"article:modified_time\" content=\"2026-04-07T12:09:47+00:00\" \/>\n<meta property=\"og:image\" content=\"https:\/\/mlclwwviohof.i.optimole.com\/cb:cQWT.bc6\/w:auto\/h:auto\/q:mauto\/g:sm\/f:best\/https:\/\/herbalmind.eu\/wp-content\/uploads\/2026\/01\/nowosc-herbalheart-rajski-ogrod-ziolowe-saszetki-energetyczne-z-kanna-10-szt.jpg\" \/>\n\t<meta property=\"og:image:width\" content=\"1080\" \/>\n\t<meta property=\"og:image:height\" content=\"1080\" \/>\n\t<meta property=\"og:image:type\" content=\"image\/jpeg\" \/>\n<meta name=\"twitter:card\" content=\"summary_large_image\" \/>\n<meta name=\"twitter:label1\" content=\"Est. reading time\" \/>\n\t<meta name=\"twitter:data1\" content=\"2 minutes\" \/>\n<script type=\"application\/ld+json\" class=\"yoast-schema-graph\">{\"@context\":\"https:\\\/\\\/schema.org\",\"@graph\":[{\"@type\":\"WebPage\",\"@id\":\"https:\\\/\\\/herbalmind.eu\\\/en\\\/sklep\\\/new-herbalheart-paradise-garden-herbal-pouches-with-kanna-sceletium-tortuosum-10-pcs\\\/\",\"url\":\"https:\\\/\\\/herbalmind.eu\\\/en\\\/sklep\\\/new-herbalheart-paradise-garden-herbal-pouches-with-kanna-sceletium-tortuosum-10-pcs\\\/\",\"name\":\"Kanna pouches \u2013 HerbalHeart Paradise Garden \u2013 10 pieces.\",\"isPartOf\":{\"@id\":\"https:\\\/\\\/herbalmind.eu\\\/en\\\/#website\"},\"primaryImageOfPage\":{\"@id\":\"https:\\\/\\\/herbalmind.eu\\\/en\\\/sklep\\\/new-herbalheart-paradise-garden-herbal-pouches-with-kanna-sceletium-tortuosum-10-pcs\\\/#primaryimage\"},\"image\":{\"@id\":\"https:\\\/\\\/herbalmind.eu\\\/en\\\/sklep\\\/new-herbalheart-paradise-garden-herbal-pouches-with-kanna-sceletium-tortuosum-10-pcs\\\/#primaryimage\"},\"thumbnailUrl\":\"https:\\/\\/herbalmind.eu\\/wp-content\\/uploads\\/2026\\/01\\/nowosc-herbalheart-rajski-ogrod-ziolowe-saszetki-energetyczne-z-kanna-10-szt.jpg\",\"datePublished\":\"2026-01-09T20:11:48+00:00\",\"dateModified\":\"2026-04-07T12:09:47+00:00\",\"description\":\"HerbalHeart pouches with Kanna (Sceletium tortuosum) are designed to support your energy \u2013 especially in social situations.\",\"breadcrumb\":{\"@id\":\"https:\\\/\\\/herbalmind.eu\\\/en\\\/sklep\\\/new-herbalheart-paradise-garden-herbal-pouches-with-kanna-sceletium-tortuosum-10-pcs\\\/#breadcrumb\"},\"inLanguage\":\"en-US\",\"potentialAction\":[{\"@type\":\"ReadAction\",\"target\":[\"https:\\\/\\\/herbalmind.eu\\\/en\\\/sklep\\\/new-herbalheart-paradise-garden-herbal-pouches-with-kanna-sceletium-tortuosum-10-pcs\\\/\"]}]},{\"@type\":\"ImageObject\",\"inLanguage\":\"en-US\",\"@id\":\"https:\\\/\\\/herbalmind.eu\\\/en\\\/sklep\\\/new-herbalheart-paradise-garden-herbal-pouches-with-kanna-sceletium-tortuosum-10-pcs\\\/#primaryimage\",\"url\":\"https:\\/\\/herbalmind.eu\\/wp-content\\/uploads\\/2026\\/01\\/nowosc-herbalheart-rajski-ogrod-ziolowe-saszetki-energetyczne-z-kanna-10-szt.jpg\",\"contentUrl\":\"https:\\/\\/herbalmind.eu\\/wp-content\\/uploads\\/2026\\/01\\/nowosc-herbalheart-rajski-ogrod-ziolowe-saszetki-energetyczne-z-kanna-10-szt.jpg\",\"width\":1080,\"height\":1080,\"caption\":\"NEW! HerbalHeart Paradise Garden \u2013 herbal energy pouches with Kanna \u2013 10 pieces.\"},{\"@type\":\"BreadcrumbList\",\"@id\":\"https:\\\/\\\/herbalmind.eu\\\/en\\\/sklep\\\/new-herbalheart-paradise-garden-herbal-pouches-with-kanna-sceletium-tortuosum-10-pcs\\\/#breadcrumb\",\"itemListElement\":[{\"@type\":\"ListItem\",\"position\":1,\"name\":\"Strona g\u0142\u00f3wna\",\"item\":\"https:\\\/\\\/herbalmind.eu\\\/en\\\/home\\\/\"},{\"@type\":\"ListItem\",\"position\":2,\"name\":\"Shop\",\"item\":\"https:\\\/\\\/herbalmind.eu\\\/en\\\/shop\\\/\"},{\"@type\":\"ListItem\",\"position\":3,\"name\":\"NEW! HerbalHeart Paradise Garden \u2013 herbal pouches with Kanna (Sceletium tortuosum) \u2013 10 pcs.\"}]},{\"@type\":\"WebSite\",\"@id\":\"https:\\\/\\\/herbalmind.eu\\\/en\\\/#website\",\"url\":\"https:\\\/\\\/herbalmind.eu\\\/en\\\/\",\"name\":\"HerbalMind Pouches\",\"description\":\"- Snusy kofeinowe, woreczki energetyczne, saszetki\",\"publisher\":{\"@id\":\"https:\\\/\\\/herbalmind.eu\\\/en\\\/#organization\"},\"potentialAction\":[{\"@type\":\"SearchAction\",\"target\":{\"@type\":\"EntryPoint\",\"urlTemplate\":\"https:\\\/\\\/herbalmind.eu\\\/en\\\/?s={search_term_string}\"},\"query-input\":{\"@type\":\"PropertyValueSpecification\",\"valueRequired\":true,\"valueName\":\"search_term_string\"}}],\"inLanguage\":\"en-US\"},{\"@type\":\"Organization\",\"@id\":\"https:\\\/\\\/herbalmind.eu\\\/en\\\/#organization\",\"name\":\"HerbalMind Pouches\",\"url\":\"https:\\\/\\\/herbalmind.eu\\\/en\\\/\",\"logo\":{\"@type\":\"ImageObject\",\"inLanguage\":\"en-US\",\"@id\":\"https:\\\/\\\/herbalmind.eu\\\/en\\\/#\\\/schema\\\/logo\\\/image\\\/\",\"url\":\"https:\\/\\/herbalmind.eu\\/wp-content\\/uploads\\/2025\\/07\\/logo-herbalmind-snusy-kofeinowe-black-2.svg\",\"contentUrl\":\"https:\\/\\/herbalmind.eu\\/wp-content\\/uploads\\/2025\\/07\\/logo-herbalmind-snusy-kofeinowe-black-2.svg\",\"width\":600,\"height\":526,\"caption\":\"HerbalMind Pouches\"},\"image\":{\"@id\":\"https:\\\/\\\/herbalmind.eu\\\/en\\\/#\\\/schema\\\/logo\\\/image\\\/\"},\"sameAs\":[\"https:\\\/\\\/www.facebook.com\\\/saszetki.energetyczne.herbal.mind\",\"https:\\\/\\\/www.instagram.com\\\/herbal_mind_pouches\"]}]}<\/script>\n<!-- \/ Yoast SEO plugin. -->","yoast_head_json":{"title":"Kanna pouches \u2013 HerbalHeart Paradise Garden \u2013 10 pieces.","description":"HerbalHeart pouches with Kanna (Sceletium tortuosum) are designed to support your energy \u2013 especially in social situations.","robots":{"index":"index","follow":"follow","max-snippet":"max-snippet:-1","max-image-preview":"max-image-preview:large","max-video-preview":"max-video-preview:-1"},"canonical":"https:\/\/herbalmind.eu\/en\/sklep\/new-herbalheart-paradise-garden-herbal-pouches-with-kanna-sceletium-tortuosum-10-pcs\/","og_locale":"en_US","og_type":"article","og_title":"Kanna pouches \u2013 HerbalHeart Paradise Garden \u2013 10 pieces.","og_description":"HerbalHeart pouches with Kanna (Sceletium tortuosum) are designed to support your energy \u2013 especially in social situations.","og_url":"https:\/\/herbalmind.eu\/en\/sklep\/new-herbalheart-paradise-garden-herbal-pouches-with-kanna-sceletium-tortuosum-10-pcs\/","og_site_name":"Herbalmind","article_publisher":"https:\/\/www.facebook.com\/saszetki.energetyczne.herbal.mind","article_modified_time":"2026-04-07T12:09:47+00:00","og_image":[{"width":1080,"height":1080,"url":"https:\/\/mlclwwviohof.i.optimole.com\/cb:cQWT.bc6\/w:auto\/h:auto\/q:mauto\/g:sm\/f:best\/https:\/\/herbalmind.eu\/wp-content\/uploads\/2026\/01\/nowosc-herbalheart-rajski-ogrod-ziolowe-saszetki-energetyczne-z-kanna-10-szt.jpg","type":"image\/jpeg"}],"twitter_card":"summary_large_image","twitter_misc":{"Est. reading time":"2 minutes"},"schema":{"@context":"https:\/\/schema.org","@graph":[{"@type":"WebPage","@id":"https:\/\/herbalmind.eu\/en\/sklep\/new-herbalheart-paradise-garden-herbal-pouches-with-kanna-sceletium-tortuosum-10-pcs\/","url":"https:\/\/herbalmind.eu\/en\/sklep\/new-herbalheart-paradise-garden-herbal-pouches-with-kanna-sceletium-tortuosum-10-pcs\/","name":"Kanna pouches \u2013 HerbalHeart Paradise Garden \u2013 10 pieces.","isPartOf":{"@id":"https:\/\/herbalmind.eu\/en\/#website"},"primaryImageOfPage":{"@id":"https:\/\/herbalmind.eu\/en\/sklep\/new-herbalheart-paradise-garden-herbal-pouches-with-kanna-sceletium-tortuosum-10-pcs\/#primaryimage"},"image":{"@id":"https:\/\/herbalmind.eu\/en\/sklep\/new-herbalheart-paradise-garden-herbal-pouches-with-kanna-sceletium-tortuosum-10-pcs\/#primaryimage"},"thumbnailUrl":"https:\/\/mlclwwviohof.i.optimole.com\/cb:cQWT.bc6\/w:auto\/h:auto\/q:mauto\/g:sm\/f:best\/https:\/\/herbalmind.eu\/wp-content\/uploads\/2026\/01\/nowosc-herbalheart-rajski-ogrod-ziolowe-saszetki-energetyczne-z-kanna-10-szt.jpg","datePublished":"2026-01-09T20:11:48+00:00","dateModified":"2026-04-07T12:09:47+00:00","description":"HerbalHeart pouches with Kanna (Sceletium tortuosum) are designed to support your energy \u2013 especially in social situations.","breadcrumb":{"@id":"https:\/\/herbalmind.eu\/en\/sklep\/new-herbalheart-paradise-garden-herbal-pouches-with-kanna-sceletium-tortuosum-10-pcs\/#breadcrumb"},"inLanguage":"en-US","potentialAction":[{"@type":"ReadAction","target":["https:\/\/herbalmind.eu\/en\/sklep\/new-herbalheart-paradise-garden-herbal-pouches-with-kanna-sceletium-tortuosum-10-pcs\/"]}]},{"@type":"ImageObject","inLanguage":"en-US","@id":"https:\/\/herbalmind.eu\/en\/sklep\/new-herbalheart-paradise-garden-herbal-pouches-with-kanna-sceletium-tortuosum-10-pcs\/#primaryimage","url":"https:\/\/mlclwwviohof.i.optimole.com\/cb:cQWT.bc6\/w:auto\/h:auto\/q:mauto\/g:sm\/f:best\/https:\/\/herbalmind.eu\/wp-content\/uploads\/2026\/01\/nowosc-herbalheart-rajski-ogrod-ziolowe-saszetki-energetyczne-z-kanna-10-szt.jpg","contentUrl":"https:\/\/mlclwwviohof.i.optimole.com\/cb:cQWT.bc6\/w:auto\/h:auto\/q:mauto\/g:sm\/f:best\/https:\/\/herbalmind.eu\/wp-content\/uploads\/2026\/01\/nowosc-herbalheart-rajski-ogrod-ziolowe-saszetki-energetyczne-z-kanna-10-szt.jpg","width":1080,"height":1080,"caption":"NEW! HerbalHeart Paradise Garden \u2013 herbal energy pouches with Kanna \u2013 10 pieces."},{"@type":"BreadcrumbList","@id":"https:\/\/herbalmind.eu\/en\/sklep\/new-herbalheart-paradise-garden-herbal-pouches-with-kanna-sceletium-tortuosum-10-pcs\/#breadcrumb","itemListElement":[{"@type":"ListItem","position":1,"name":"Strona g\u0142\u00f3wna","item":"https:\/\/herbalmind.eu\/en\/home\/"},{"@type":"ListItem","position":2,"name":"Shop","item":"https:\/\/herbalmind.eu\/en\/shop\/"},{"@type":"ListItem","position":3,"name":"NEW! HerbalHeart Paradise Garden \u2013 herbal pouches with Kanna (Sceletium tortuosum) \u2013 10 pcs."}]},{"@type":"WebSite","@id":"https:\/\/herbalmind.eu\/en\/#website","url":"https:\/\/herbalmind.eu\/en\/","name":"HerbalMind Pouches","description":"- Snusy kofeinowe, woreczki energetyczne, saszetki","publisher":{"@id":"https:\/\/herbalmind.eu\/en\/#organization"},"potentialAction":[{"@type":"SearchAction","target":{"@type":"EntryPoint","urlTemplate":"https:\/\/herbalmind.eu\/en\/?s={search_term_string}"},"query-input":{"@type":"PropertyValueSpecification","valueRequired":true,"valueName":"search_term_string"}}],"inLanguage":"en-US"},{"@type":"Organization","@id":"https:\/\/herbalmind.eu\/en\/#organization","name":"HerbalMind Pouches","url":"https:\/\/herbalmind.eu\/en\/","logo":{"@type":"ImageObject","inLanguage":"en-US","@id":"https:\/\/herbalmind.eu\/en\/#\/schema\/logo\/image\/","url":"https:\/\/mlclwwviohof.i.optimole.com\/cb:cQWT.bc6\/w:auto\/h:auto\/q:mauto\/g:sm\/f:best\/ig:avif\/https:\/\/herbalmind.eu\/wp-content\/uploads\/2025\/07\/logo-herbalmind-snusy-kofeinowe-black-2.svg","contentUrl":"https:\/\/mlclwwviohof.i.optimole.com\/cb:cQWT.bc6\/w:auto\/h:auto\/q:mauto\/g:sm\/f:best\/ig:avif\/https:\/\/herbalmind.eu\/wp-content\/uploads\/2025\/07\/logo-herbalmind-snusy-kofeinowe-black-2.svg","width":600,"height":526,"caption":"HerbalMind Pouches"},"image":{"@id":"https:\/\/herbalmind.eu\/en\/#\/schema\/logo\/image\/"},"sameAs":["https:\/\/www.facebook.com\/saszetki.energetyczne.herbal.mind","https:\/\/www.instagram.com\/herbal_mind_pouches"]}]}},"_links":{"self":[{"href":"https:\/\/herbalmind.eu\/en\/wp-json\/wp\/v2\/product\/10631","targetHints":{"allow":["GET"]}}],"collection":[{"href":"https:\/\/herbalmind.eu\/en\/wp-json\/wp\/v2\/product"}],"about":[{"href":"https:\/\/herbalmind.eu\/en\/wp-json\/wp\/v2\/types\/product"}],"replies":[{"embeddable":true,"href":"https:\/\/herbalmind.eu\/en\/wp-json\/wp\/v2\/comments?post=10631"}],"version-history":[{"count":2,"href":"https:\/\/herbalmind.eu\/en\/wp-json\/wp\/v2\/product\/10631\/revisions"}],"predecessor-version":[{"id":10635,"href":"https:\/\/herbalmind.eu\/en\/wp-json\/wp\/v2\/product\/10631\/revisions\/10635"}],"wp:featuredmedia":[{"embeddable":true,"href":"https:\/\/herbalmind.eu\/en\/wp-json\/wp\/v2\/media\/10633"}],"wp:attachment":[{"href":"https:\/\/herbalmind.eu\/en\/wp-json\/wp\/v2\/media?parent=10631"}],"wp:term":[{"taxonomy":"product_brand","embeddable":true,"href":"https:\/\/herbalmind.eu\/en\/wp-json\/wp\/v2\/product_brand?post=10631"},{"taxonomy":"product_cat","embeddable":true,"href":"https:\/\/herbalmind.eu\/en\/wp-json\/wp\/v2\/product_cat?post=10631"},{"taxonomy":"product_tag","embeddable":true,"href":"https:\/\/herbalmind.eu\/en\/wp-json\/wp\/v2\/product_tag?post=10631"}],"curies":[{"name":"wp","href":"https:\/\/api.w.org\/{rel}","templated":true}]}}