{"id":10604,"date":"2025-07-17T00:04:17","date_gmt":"2025-07-17T00:04:17","guid":{"rendered":"https:\/\/herbalmind.eu\/sklep\/herbalmind-wild-strawberry-glade-energy-pouches-with-caffeine-10-pcs\/"},"modified":"2026-04-04T22:00:21","modified_gmt":"2026-04-04T22:00:21","slug":"herbalmind-wild-strawberry-glade-energy-pouches-with-caffeine-10-pcs","status":"publish","type":"product","link":"https:\/\/herbalmind.eu\/en\/sklep\/herbalmind-wild-strawberry-glade-energy-pouches-with-caffeine-10-pcs\/","title":{"rendered":"HerbalMind Wild Strawberry Glade \u2013 energy pouches with caffeine \u2013 10 pcs.<br>"},"content":{"rendered":"<h2>HerbalMind Wild Strawberry Glade \u2013 energy pouches with caffeine description <br \/><\/h2>\n<p>Our HerbalMind nicotine-free caffeine pouches with ground adaptogens were created to support concentration, focus, and stable energy \u2013 especially during workouts, mental work, and situations requiring full attention. <span class=\"x1xsqp64 xiy17q3 x1o6pynw x19co3pv xdj266r xjn30re xat24cr x1hb08if x2b8uid\" data-testid=\"emoji\"><span class=\"xexx8yu xcaqkgz x18d9i69 xbwkkl7 x3jgonx x1bhl96m\">\ud83d\udcaa<\/span><\/span><\/p>\n<h3>Each HerbalMind energy pouch contains the following active ingredients:<\/h3>\n<ul>\n<li>Caffeine &#8211; <strong>60 mg \/ pouch<\/strong><\/li>\n<li>Korean Ginseng (Panax ginseng) Extract &#8211; 10% ginsenosides standardized &#8211; <strong>25 mg \/ pouch<\/strong><\/li>\n<li>Rhodiola Rosea (Rhodiola rosea) Extract &#8211; 5% salidroside standardized &#8211; <strong>15 mg \/ pouch<\/strong><\/li>\n<li>Ground Siberian Ginseng (Eleutherococcus senticosus) &#8211; <strong>100 mg \/ pouch<\/strong><\/li>\n<li>Rosemary Essential Oil (Rosmarinus L.) &#8211; <strong>6 mg \/ pouch<\/strong><\/li>\n<\/ul>\n<h3><strong>Each inhale from a cane of Wild Strawberry Glade nicotine-free pouches brings back memories of carefree June days spent in the countryside. <\/strong><\/h3>\n<p>For this flavor, we focused on a strongly sweet wild strawberry aroma, complemented by the classic notes of wild herbs and a broad forest scent typical of our pouches.<\/p>\n<h4><strong>INGREDIENTS<\/strong><\/h4>\n<p>Barberry fruit, Siberian ginseng root, anhydrous caffeine (60 mg\/pouch), Acmella oleracea herb, yeast flakes, Korean ginseng extract \u2013 stand. 10% ginsenosides (25 mg\/pouch), vit. C, vegetable glycerin, safflower, cornflower, baking soda, stevia extract &#8211; stand. 95% steviol glycosides, Rhodiola rosea extract \u2013 stand. 5% salidroside (15 mg\/pouch), cayenne pepper, menthol, essential oils of mandarin (citrus nobilis) and rosemary (rosmarinus officinalis), natural flavor.    <\/p>\n<h4><strong>WARNING!<\/strong><\/h4>\n<p>High caffeine content product: 60 mg per pouch. The maximum daily caffeine dose for an adult is 400 mg. This product is prohibited for minors, pregnant or breastfeeding women, and individuals allergic or sensitive to any of the ingredients. Due to its high caffeine content, the product is not intended for people with heart conditions, hypertension, or diabetes. Contains Peppermint oil, Grapefruit oil, Rosemary oil. May cause an allergic reaction. In case of adverse reactions, discontinue use and seek medical advice. Keep out of reach of children!       <\/p>\n<h4><strong>INSTRUCTIONS<\/strong><\/h4>\n<p>Place the pouch under your upper lip and let it release its aroma for 40 minutes. Do not swallow, bite, or chew. Dispose of the used pouch in an appropriate waste container.  <\/p>\n<h4><strong>COMPLAINT INFORMATION<\/strong><\/h4>\n<p>Due to the product\u2019s nature, we cannot accept returns of \u201cHerbalMind nicotine-free caffeine pouches\u201d once the packaging has been opened. Please read the description carefully before purchasing to ensure HerbalMind meets your expectations. If you have any doubts, we\u2019re happy to help! Thank you for your understanding and we wish you plenty of natural energy!<\/p>\n<p>Label available only in Polish    <\/p>\n<p><a href=\"https:\/\/herbalmind.eu\/en\/\">Wi\u0119cej o naszych woreczkach energetycznych dowiesz si\u0119 na stronie g\u0142\u00f3wnej HerbalMind<\/a><\/p>\n","protected":false},"excerpt":{"rendered":"<p>One can \u2013 HerbalMind Wild Strawberry Glade caffeine snus (13g) contains 20 pouches, each with 60 mg of caffeine.<br \/>\nEAN (GTIN) 5907497235821<\/p>\n","protected":false},"featured_media":8625,"comment_status":"open","ping_status":"closed","template":"","meta":{"site-sidebar-layout":"default","site-content-layout":"","ast-site-content-layout":"default","site-content-style":"default","site-sidebar-style":"default","ast-global-header-display":"","ast-banner-title-visibility":"","ast-main-header-display":"","ast-hfb-above-header-display":"","ast-hfb-below-header-display":"","ast-hfb-mobile-header-display":"","site-post-title":"","ast-breadcrumbs-content":"","ast-featured-img":"","footer-sml-layout":"","ast-disable-related-posts":"","theme-transparent-header-meta":"default","adv-header-id-meta":"","stick-header-meta":"","header-above-stick-meta":"","header-main-stick-meta":"","header-below-stick-meta":"","astra-migrate-meta-layouts":"default","ast-page-background-enabled":"default","ast-page-background-meta":{"desktop":{"background-color":"","background-image":"","background-repeat":"repeat","background-position":"center center","background-size":"auto","background-attachment":"scroll","background-type":"","background-media":"","overlay-type":"","overlay-color":"","overlay-opacity":"","overlay-gradient":""},"tablet":{"background-color":"","background-image":"","background-repeat":"repeat","background-position":"center center","background-size":"auto","background-attachment":"scroll","background-type":"","background-media":"","overlay-type":"","overlay-color":"","overlay-opacity":"","overlay-gradient":""},"mobile":{"background-color":"","background-image":"","background-repeat":"repeat","background-position":"center center","background-size":"auto","background-attachment":"scroll","background-type":"","background-media":"","overlay-type":"","overlay-color":"","overlay-opacity":"","overlay-gradient":""}},"ast-content-background-meta":{"desktop":{"background-color":"var(--ast-global-color-5)","background-image":"","background-repeat":"repeat","background-position":"center center","background-size":"auto","background-attachment":"scroll","background-type":"","background-media":"","overlay-type":"","overlay-color":"","overlay-opacity":"","overlay-gradient":""},"tablet":{"background-color":"var(--ast-global-color-5)","background-image":"","background-repeat":"repeat","background-position":"center center","background-size":"auto","background-attachment":"scroll","background-type":"","background-media":"","overlay-type":"","overlay-color":"","overlay-opacity":"","overlay-gradient":""},"mobile":{"background-color":"var(--ast-global-color-5)","background-image":"","background-repeat":"repeat","background-position":"center center","background-size":"auto","background-attachment":"scroll","background-type":"","background-media":"","overlay-type":"","overlay-color":"","overlay-opacity":"","overlay-gradient":""}}},"product_brand":[],"product_cat":[280,279],"product_tag":[284,283,281,292,282,291,288,294,286,287,285,293],"class_list":{"0":"post-10604","1":"product","2":"type-product","3":"status-publish","4":"has-post-thumbnail","6":"product_cat-fruit-pouches","7":"product_cat-uncategorized","8":"product_tag-adaptogens","9":"product_tag-caffeine-pouches","10":"product_tag-caffeine-snus","11":"product_tag-caffeine-snus-2","12":"product_tag-energy-pouches","13":"product_tag-energy-pouches-2","14":"product_tag-ginseng","15":"product_tag-herbalmind","16":"product_tag-nicotine-free-snus","17":"product_tag-panax-ginseng","18":"product_tag-rhodiola-rosea","19":"product_tag-rhodiola-rosea-2","20":"desktop-align-center","21":"tablet-align-center","22":"mobile-align-center","24":"first","25":"instock","26":"featured","27":"taxable","28":"shipping-taxable","29":"purchasable","30":"product-type-simple"},"yoast_head":"<!-- This site is optimized with the Yoast SEO plugin v27.3 - https:\/\/yoast.com\/product\/yoast-seo-wordpress\/ -->\n<title>Pouches with caffeine \u2013 HerbalMind Wild Strawberry Glade, snus - 10 pcs.<\/title>\n<meta name=\"description\" content=\"Energy pouches with caffeine and adaptogens \u2013 a quick boost of energy. Refreshes and stimulates when you need it most. Always at hand.\" \/>\n<meta name=\"robots\" content=\"index, follow, max-snippet:-1, max-image-preview:large, max-video-preview:-1\" \/>\n<link rel=\"canonical\" href=\"https:\/\/herbalmind.eu\/en\/sklep\/herbalmind-wild-strawberry-glade-energy-pouches-with-caffeine-10-pcs\/\" \/>\n<meta property=\"og:locale\" content=\"en_US\" \/>\n<meta property=\"og:type\" content=\"article\" \/>\n<meta property=\"og:title\" content=\"Pouches with caffeine \u2013 HerbalMind Wild Strawberry Glade, snus - 10 pcs.\" \/>\n<meta property=\"og:description\" content=\"Energy pouches with caffeine and adaptogens \u2013 a quick boost of energy. Refreshes and stimulates when you need it most. Always at hand.\" \/>\n<meta property=\"og:url\" content=\"https:\/\/herbalmind.eu\/en\/sklep\/herbalmind-wild-strawberry-glade-energy-pouches-with-caffeine-10-pcs\/\" \/>\n<meta property=\"og:site_name\" content=\"Herbalmind\" \/>\n<meta property=\"article:publisher\" content=\"https:\/\/www.facebook.com\/saszetki.energetyczne.herbal.mind\" \/>\n<meta property=\"article:modified_time\" content=\"2026-04-04T22:00:21+00:00\" \/>\n<meta property=\"og:image\" content=\"https:\/\/mlclwwviohof.i.optimole.com\/cb:cQWT.bc6\/w:1080\/h:1080\/q:mauto\/g:sm\/f:best\/https:\/\/herbalmind.eu\/wp-content\/uploads\/2025\/07\/woreczki-energetyczne-herbalmind-poziomkowa-polana-snusy.png\" \/>\n\t<meta property=\"og:image:width\" content=\"1080\" \/>\n\t<meta property=\"og:image:height\" content=\"1080\" \/>\n\t<meta property=\"og:image:type\" content=\"image\/png\" \/>\n<meta name=\"twitter:card\" content=\"summary_large_image\" \/>\n<meta name=\"twitter:label1\" content=\"Est. reading time\" \/>\n\t<meta name=\"twitter:data1\" content=\"2 minutes\" \/>\n<script type=\"application\/ld+json\" class=\"yoast-schema-graph\">{\"@context\":\"https:\\\/\\\/schema.org\",\"@graph\":[{\"@type\":\"WebPage\",\"@id\":\"https:\\\/\\\/herbalmind.eu\\\/en\\\/sklep\\\/herbalmind-wild-strawberry-glade-energy-pouches-with-caffeine-10-pcs\\\/\",\"url\":\"https:\\\/\\\/herbalmind.eu\\\/en\\\/sklep\\\/herbalmind-wild-strawberry-glade-energy-pouches-with-caffeine-10-pcs\\\/\",\"name\":\"Pouches with caffeine \u2013 HerbalMind Wild Strawberry Glade, snus - 10 pcs.\",\"isPartOf\":{\"@id\":\"https:\\\/\\\/herbalmind.eu\\\/en\\\/#website\"},\"primaryImageOfPage\":{\"@id\":\"https:\\\/\\\/herbalmind.eu\\\/en\\\/sklep\\\/herbalmind-wild-strawberry-glade-energy-pouches-with-caffeine-10-pcs\\\/#primaryimage\"},\"image\":{\"@id\":\"https:\\\/\\\/herbalmind.eu\\\/en\\\/sklep\\\/herbalmind-wild-strawberry-glade-energy-pouches-with-caffeine-10-pcs\\\/#primaryimage\"},\"thumbnailUrl\":\"https:\\/\\/herbalmind.eu\\/wp-content\\/uploads\\/2025\\/07\\/woreczki-energetyczne-herbalmind-poziomkowa-polana-snusy.png\",\"datePublished\":\"2025-07-17T00:04:17+00:00\",\"dateModified\":\"2026-04-04T22:00:21+00:00\",\"description\":\"Energy pouches with caffeine and adaptogens \u2013 a quick boost of energy. Refreshes and stimulates when you need it most. Always at hand.\",\"breadcrumb\":{\"@id\":\"https:\\\/\\\/herbalmind.eu\\\/en\\\/sklep\\\/herbalmind-wild-strawberry-glade-energy-pouches-with-caffeine-10-pcs\\\/#breadcrumb\"},\"inLanguage\":\"en-US\",\"potentialAction\":[{\"@type\":\"ReadAction\",\"target\":[\"https:\\\/\\\/herbalmind.eu\\\/en\\\/sklep\\\/herbalmind-wild-strawberry-glade-energy-pouches-with-caffeine-10-pcs\\\/\"]}]},{\"@type\":\"ImageObject\",\"inLanguage\":\"en-US\",\"@id\":\"https:\\\/\\\/herbalmind.eu\\\/en\\\/sklep\\\/herbalmind-wild-strawberry-glade-energy-pouches-with-caffeine-10-pcs\\\/#primaryimage\",\"url\":\"https:\\/\\/herbalmind.eu\\/wp-content\\/uploads\\/2025\\/07\\/woreczki-energetyczne-herbalmind-poziomkowa-polana-snusy.png\",\"contentUrl\":\"https:\\/\\/herbalmind.eu\\/wp-content\\/uploads\\/2025\\/07\\/woreczki-energetyczne-herbalmind-poziomkowa-polana-snusy.png\",\"width\":1080,\"height\":1080,\"caption\":\"Energy pouches \u2013 HerbalMind Wild Strawberry Glade, snus - 10 pcs.\"},{\"@type\":\"BreadcrumbList\",\"@id\":\"https:\\\/\\\/herbalmind.eu\\\/en\\\/sklep\\\/herbalmind-wild-strawberry-glade-energy-pouches-with-caffeine-10-pcs\\\/#breadcrumb\",\"itemListElement\":[{\"@type\":\"ListItem\",\"position\":1,\"name\":\"Strona g\u0142\u00f3wna\",\"item\":\"https:\\\/\\\/herbalmind.eu\\\/en\\\/home\\\/\"},{\"@type\":\"ListItem\",\"position\":2,\"name\":\"Shop\",\"item\":\"https:\\\/\\\/herbalmind.eu\\\/en\\\/shop\\\/\"},{\"@type\":\"ListItem\",\"position\":3,\"name\":\"HerbalMind Wild Strawberry Glade \u2013 energy pouches with caffeine \u2013 10 pcs.\"}]},{\"@type\":\"WebSite\",\"@id\":\"https:\\\/\\\/herbalmind.eu\\\/en\\\/#website\",\"url\":\"https:\\\/\\\/herbalmind.eu\\\/en\\\/\",\"name\":\"HerbalMind Pouches\",\"description\":\"- Snusy kofeinowe, woreczki energetyczne, saszetki\",\"publisher\":{\"@id\":\"https:\\\/\\\/herbalmind.eu\\\/en\\\/#organization\"},\"potentialAction\":[{\"@type\":\"SearchAction\",\"target\":{\"@type\":\"EntryPoint\",\"urlTemplate\":\"https:\\\/\\\/herbalmind.eu\\\/en\\\/?s={search_term_string}\"},\"query-input\":{\"@type\":\"PropertyValueSpecification\",\"valueRequired\":true,\"valueName\":\"search_term_string\"}}],\"inLanguage\":\"en-US\"},{\"@type\":\"Organization\",\"@id\":\"https:\\\/\\\/herbalmind.eu\\\/en\\\/#organization\",\"name\":\"HerbalMind Pouches\",\"url\":\"https:\\\/\\\/herbalmind.eu\\\/en\\\/\",\"logo\":{\"@type\":\"ImageObject\",\"inLanguage\":\"en-US\",\"@id\":\"https:\\\/\\\/herbalmind.eu\\\/en\\\/#\\\/schema\\\/logo\\\/image\\\/\",\"url\":\"https:\\/\\/herbalmind.eu\\/wp-content\\/uploads\\/2025\\/07\\/logo-herbalmind-snusy-kofeinowe-black-2.svg\",\"contentUrl\":\"https:\\/\\/herbalmind.eu\\/wp-content\\/uploads\\/2025\\/07\\/logo-herbalmind-snusy-kofeinowe-black-2.svg\",\"width\":600,\"height\":526,\"caption\":\"HerbalMind Pouches\"},\"image\":{\"@id\":\"https:\\\/\\\/herbalmind.eu\\\/en\\\/#\\\/schema\\\/logo\\\/image\\\/\"},\"sameAs\":[\"https:\\\/\\\/www.facebook.com\\\/saszetki.energetyczne.herbal.mind\",\"https:\\\/\\\/www.instagram.com\\\/herbal_mind_pouches\"]}]}<\/script>\n<!-- \/ Yoast SEO plugin. -->","yoast_head_json":{"title":"Pouches with caffeine \u2013 HerbalMind Wild Strawberry Glade, snus - 10 pcs.","description":"Energy pouches with caffeine and adaptogens \u2013 a quick boost of energy. Refreshes and stimulates when you need it most. Always at hand.","robots":{"index":"index","follow":"follow","max-snippet":"max-snippet:-1","max-image-preview":"max-image-preview:large","max-video-preview":"max-video-preview:-1"},"canonical":"https:\/\/herbalmind.eu\/en\/sklep\/herbalmind-wild-strawberry-glade-energy-pouches-with-caffeine-10-pcs\/","og_locale":"en_US","og_type":"article","og_title":"Pouches with caffeine \u2013 HerbalMind Wild Strawberry Glade, snus - 10 pcs.","og_description":"Energy pouches with caffeine and adaptogens \u2013 a quick boost of energy. Refreshes and stimulates when you need it most. Always at hand.","og_url":"https:\/\/herbalmind.eu\/en\/sklep\/herbalmind-wild-strawberry-glade-energy-pouches-with-caffeine-10-pcs\/","og_site_name":"Herbalmind","article_publisher":"https:\/\/www.facebook.com\/saszetki.energetyczne.herbal.mind","article_modified_time":"2026-04-04T22:00:21+00:00","og_image":[{"width":1080,"height":1080,"url":"https:\/\/mlclwwviohof.i.optimole.com\/cb:cQWT.bc6\/w:1080\/h:1080\/q:mauto\/g:sm\/f:best\/https:\/\/herbalmind.eu\/wp-content\/uploads\/2025\/07\/woreczki-energetyczne-herbalmind-poziomkowa-polana-snusy.png","type":"image\/png"}],"twitter_card":"summary_large_image","twitter_misc":{"Est. reading time":"2 minutes"},"schema":{"@context":"https:\/\/schema.org","@graph":[{"@type":"WebPage","@id":"https:\/\/herbalmind.eu\/en\/sklep\/herbalmind-wild-strawberry-glade-energy-pouches-with-caffeine-10-pcs\/","url":"https:\/\/herbalmind.eu\/en\/sklep\/herbalmind-wild-strawberry-glade-energy-pouches-with-caffeine-10-pcs\/","name":"Pouches with caffeine \u2013 HerbalMind Wild Strawberry Glade, snus - 10 pcs.","isPartOf":{"@id":"https:\/\/herbalmind.eu\/en\/#website"},"primaryImageOfPage":{"@id":"https:\/\/herbalmind.eu\/en\/sklep\/herbalmind-wild-strawberry-glade-energy-pouches-with-caffeine-10-pcs\/#primaryimage"},"image":{"@id":"https:\/\/herbalmind.eu\/en\/sklep\/herbalmind-wild-strawberry-glade-energy-pouches-with-caffeine-10-pcs\/#primaryimage"},"thumbnailUrl":"https:\/\/mlclwwviohof.i.optimole.com\/cb:cQWT.bc6\/w:auto\/h:auto\/q:mauto\/g:sm\/f:best\/https:\/\/herbalmind.eu\/wp-content\/uploads\/2025\/07\/woreczki-energetyczne-herbalmind-poziomkowa-polana-snusy.png","datePublished":"2025-07-17T00:04:17+00:00","dateModified":"2026-04-04T22:00:21+00:00","description":"Energy pouches with caffeine and adaptogens \u2013 a quick boost of energy. Refreshes and stimulates when you need it most. Always at hand.","breadcrumb":{"@id":"https:\/\/herbalmind.eu\/en\/sklep\/herbalmind-wild-strawberry-glade-energy-pouches-with-caffeine-10-pcs\/#breadcrumb"},"inLanguage":"en-US","potentialAction":[{"@type":"ReadAction","target":["https:\/\/herbalmind.eu\/en\/sklep\/herbalmind-wild-strawberry-glade-energy-pouches-with-caffeine-10-pcs\/"]}]},{"@type":"ImageObject","inLanguage":"en-US","@id":"https:\/\/herbalmind.eu\/en\/sklep\/herbalmind-wild-strawberry-glade-energy-pouches-with-caffeine-10-pcs\/#primaryimage","url":"https:\/\/mlclwwviohof.i.optimole.com\/cb:cQWT.bc6\/w:auto\/h:auto\/q:mauto\/g:sm\/f:best\/https:\/\/herbalmind.eu\/wp-content\/uploads\/2025\/07\/woreczki-energetyczne-herbalmind-poziomkowa-polana-snusy.png","contentUrl":"https:\/\/mlclwwviohof.i.optimole.com\/cb:cQWT.bc6\/w:auto\/h:auto\/q:mauto\/g:sm\/f:best\/https:\/\/herbalmind.eu\/wp-content\/uploads\/2025\/07\/woreczki-energetyczne-herbalmind-poziomkowa-polana-snusy.png","width":1080,"height":1080,"caption":"Energy pouches \u2013 HerbalMind Wild Strawberry Glade, snus - 10 pcs."},{"@type":"BreadcrumbList","@id":"https:\/\/herbalmind.eu\/en\/sklep\/herbalmind-wild-strawberry-glade-energy-pouches-with-caffeine-10-pcs\/#breadcrumb","itemListElement":[{"@type":"ListItem","position":1,"name":"Strona g\u0142\u00f3wna","item":"https:\/\/herbalmind.eu\/en\/home\/"},{"@type":"ListItem","position":2,"name":"Shop","item":"https:\/\/herbalmind.eu\/en\/shop\/"},{"@type":"ListItem","position":3,"name":"HerbalMind Wild Strawberry Glade \u2013 energy pouches with caffeine \u2013 10 pcs."}]},{"@type":"WebSite","@id":"https:\/\/herbalmind.eu\/en\/#website","url":"https:\/\/herbalmind.eu\/en\/","name":"HerbalMind Pouches","description":"- Snusy kofeinowe, woreczki energetyczne, saszetki","publisher":{"@id":"https:\/\/herbalmind.eu\/en\/#organization"},"potentialAction":[{"@type":"SearchAction","target":{"@type":"EntryPoint","urlTemplate":"https:\/\/herbalmind.eu\/en\/?s={search_term_string}"},"query-input":{"@type":"PropertyValueSpecification","valueRequired":true,"valueName":"search_term_string"}}],"inLanguage":"en-US"},{"@type":"Organization","@id":"https:\/\/herbalmind.eu\/en\/#organization","name":"HerbalMind Pouches","url":"https:\/\/herbalmind.eu\/en\/","logo":{"@type":"ImageObject","inLanguage":"en-US","@id":"https:\/\/herbalmind.eu\/en\/#\/schema\/logo\/image\/","url":"https:\/\/mlclwwviohof.i.optimole.com\/cb:cQWT.bc6\/w:auto\/h:auto\/q:mauto\/g:sm\/f:best\/ig:avif\/https:\/\/herbalmind.eu\/wp-content\/uploads\/2025\/07\/logo-herbalmind-snusy-kofeinowe-black-2.svg","contentUrl":"https:\/\/mlclwwviohof.i.optimole.com\/cb:cQWT.bc6\/w:auto\/h:auto\/q:mauto\/g:sm\/f:best\/ig:avif\/https:\/\/herbalmind.eu\/wp-content\/uploads\/2025\/07\/logo-herbalmind-snusy-kofeinowe-black-2.svg","width":600,"height":526,"caption":"HerbalMind Pouches"},"image":{"@id":"https:\/\/herbalmind.eu\/en\/#\/schema\/logo\/image\/"},"sameAs":["https:\/\/www.facebook.com\/saszetki.energetyczne.herbal.mind","https:\/\/www.instagram.com\/herbal_mind_pouches"]}]}},"_links":{"self":[{"href":"https:\/\/herbalmind.eu\/en\/wp-json\/wp\/v2\/product\/10604","targetHints":{"allow":["GET"]}}],"collection":[{"href":"https:\/\/herbalmind.eu\/en\/wp-json\/wp\/v2\/product"}],"about":[{"href":"https:\/\/herbalmind.eu\/en\/wp-json\/wp\/v2\/types\/product"}],"replies":[{"embeddable":true,"href":"https:\/\/herbalmind.eu\/en\/wp-json\/wp\/v2\/comments?post=10604"}],"version-history":[{"count":1,"href":"https:\/\/herbalmind.eu\/en\/wp-json\/wp\/v2\/product\/10604\/revisions"}],"predecessor-version":[{"id":10606,"href":"https:\/\/herbalmind.eu\/en\/wp-json\/wp\/v2\/product\/10604\/revisions\/10606"}],"wp:featuredmedia":[{"embeddable":true,"href":"https:\/\/herbalmind.eu\/en\/wp-json\/wp\/v2\/media\/8625"}],"wp:attachment":[{"href":"https:\/\/herbalmind.eu\/en\/wp-json\/wp\/v2\/media?parent=10604"}],"wp:term":[{"taxonomy":"product_brand","embeddable":true,"href":"https:\/\/herbalmind.eu\/en\/wp-json\/wp\/v2\/product_brand?post=10604"},{"taxonomy":"product_cat","embeddable":true,"href":"https:\/\/herbalmind.eu\/en\/wp-json\/wp\/v2\/product_cat?post=10604"},{"taxonomy":"product_tag","embeddable":true,"href":"https:\/\/herbalmind.eu\/en\/wp-json\/wp\/v2\/product_tag?post=10604"}],"curies":[{"name":"wp","href":"https:\/\/api.w.org\/{rel}","templated":true}]}}