{"id":10498,"date":"2025-07-12T15:48:27","date_gmt":"2025-07-12T15:48:27","guid":{"rendered":"https:\/\/herbalmind.eu\/contact\/"},"modified":"2026-04-02T18:30:12","modified_gmt":"2026-04-02T18:30:12","slug":"contact","status":"publish","type":"page","link":"https:\/\/herbalmind.eu\/en\/contact\/","title":{"rendered":"Contact"},"content":{"rendered":"\t\t<div data-elementor-type=\"wp-post\" data-elementor-id=\"10498\" class=\"elementor elementor-10498 elementor-8386\">\n\t\t\t\t<div class=\"elementor-element elementor-element-6cb2a4e e-flex e-con-boxed e-con e-parent\" data-id=\"6cb2a4e\" data-element_type=\"container\" data-settings=\"{&quot;background_background&quot;:&quot;classic&quot;}\">\n\t\t\t\t\t<div class=\"e-con-inner\">\n\t\t<div class=\"elementor-element elementor-element-0d15fa8 e-con-full e-flex e-con e-child\" data-id=\"0d15fa8\" data-element_type=\"container\">\n\t\t\t\t<div class=\"elementor-element elementor-element-8f7943d elementor-widget elementor-widget-heading\" data-id=\"8f7943d\" data-element_type=\"widget\" data-widget_type=\"heading.default\">\n\t\t\t\t\t<h1 class=\"elementor-heading-title elementor-size-default\">Contact<\/h1>\t\t\t\t<\/div>\n\t\t\t\t<\/div>\n\t\t\t\t\t<\/div>\n\t\t\t\t<\/div>\n\t\t<div class=\"elementor-element elementor-element-4fbfe44 e-flex e-con-boxed e-con e-parent\" data-id=\"4fbfe44\" data-element_type=\"container\" data-settings=\"{&quot;background_background&quot;:&quot;classic&quot;}\">\n\t\t\t\t\t<div class=\"e-con-inner\">\n\t\t<div class=\"elementor-element elementor-element-f9127d2 e-con-full e-flex e-con e-child\" data-id=\"f9127d2\" data-element_type=\"container\" data-settings=\"{&quot;background_background&quot;:&quot;classic&quot;}\">\n\t\t\t\t<div class=\"elementor-element elementor-element-1b744f3 elementor-widget elementor-widget-image\" data-id=\"1b744f3\" data-element_type=\"widget\" data-widget_type=\"image.default\">\n\t\t\t\t\t\t\t\t\t\t\t\t\t\t\t<img data-opt-id=188186223  data-opt-src=\"https:\/\/mlclwwviohof.i.optimole.com\/cb:cQWT.bc6\/w:512\/h:512\/q:mauto\/g:sm\/f:best\/https:\/\/herbalmind.eu\/wp-content\/uploads\/2025\/07\/woreczki-energetyczne-herbalmind-wlepa-ziolowy-woreczek.png\"   decoding=\"async\" width=\"512\" height=\"512\" src=\"data:image/svg+xml,%3Csvg%20viewBox%3D%220%200%20512%20512%22%20width%3D%22512%22%20height%3D%22512%22%20xmlns%3D%22http%3A%2F%2Fwww.w3.org%2F2000%2Fsvg%22%3E%3Crect%20width%3D%22512%22%20height%3D%22512%22%20fill%3D%22transparent%22%2F%3E%3C%2Fsvg%3E\" class=\"attachment-full size-full wp-image-10499\" alt=\"Herbalmind energy pouches sticker &quot;herbal pouch&quot;\" old-srcset=\"https:\/\/mlclwwviohof.i.optimole.com\/cb:cQWT.bc6\/w:512\/h:512\/q:mauto\/g:sm\/f:best\/https:\/\/herbalmind.eu\/wp-content\/uploads\/2025\/07\/woreczki-energetyczne-herbalmind-wlepa-ziolowy-woreczek.png 512w, https:\/\/mlclwwviohof.i.optimole.com\/cb:cQWT.bc6\/w:300\/h:300\/q:mauto\/g:sm\/f:best\/https:\/\/herbalmind.eu\/wp-content\/uploads\/2025\/07\/woreczki-energetyczne-herbalmind-wlepa-ziolowy-woreczek.png 300w, https:\/\/mlclwwviohof.i.optimole.com\/cb:cQWT.bc6\/w:150\/h:150\/q:mauto\/g:sm\/f:best\/https:\/\/herbalmind.eu\/wp-content\/uploads\/2025\/07\/woreczki-energetyczne-herbalmind-wlepa-ziolowy-woreczek.png 150w, https:\/\/mlclwwviohof.i.optimole.com\/cb:cQWT.bc6\/w:100\/h:100\/q:mauto\/g:sm\/f:best\/dpr:2\/https:\/\/herbalmind.eu\/wp-content\/uploads\/2025\/07\/woreczki-energetyczne-herbalmind-wlepa-ziolowy-woreczek.png 100w\" \/><noscript><img data-opt-id=188186223   decoding=\"async\" width=\"512\" height=\"512\" src=\"https:\/\/mlclwwviohof.i.optimole.com\/cb:cQWT.bc6\/w:512\/h:512\/q:mauto\/g:sm\/f:best\/https:\/\/herbalmind.eu\/wp-content\/uploads\/2025\/07\/woreczki-energetyczne-herbalmind-wlepa-ziolowy-woreczek.png\" class=\"attachment-full size-full wp-image-10499\" alt=\"Herbalmind energy pouches sticker &quot;herbal pouch&quot;\" srcset=\"https:\/\/mlclwwviohof.i.optimole.com\/cb:cQWT.bc6\/w:512\/h:512\/q:mauto\/g:sm\/f:best\/https:\/\/herbalmind.eu\/wp-content\/uploads\/2025\/07\/woreczki-energetyczne-herbalmind-wlepa-ziolowy-woreczek.png 512w, https:\/\/mlclwwviohof.i.optimole.com\/cb:cQWT.bc6\/w:300\/h:300\/q:mauto\/g:sm\/f:best\/https:\/\/herbalmind.eu\/wp-content\/uploads\/2025\/07\/woreczki-energetyczne-herbalmind-wlepa-ziolowy-woreczek.png 300w, https:\/\/mlclwwviohof.i.optimole.com\/cb:cQWT.bc6\/w:150\/h:150\/q:mauto\/g:sm\/f:best\/https:\/\/herbalmind.eu\/wp-content\/uploads\/2025\/07\/woreczki-energetyczne-herbalmind-wlepa-ziolowy-woreczek.png 150w, https:\/\/mlclwwviohof.i.optimole.com\/cb:cQWT.bc6\/w:100\/h:100\/q:mauto\/g:sm\/f:best\/dpr:2\/https:\/\/herbalmind.eu\/wp-content\/uploads\/2025\/07\/woreczki-energetyczne-herbalmind-wlepa-ziolowy-woreczek.png 100w\" sizes=\"(max-width: 512px) 100vw, 512px\" \/></noscript>\t\t\t\t\t\t\t\t\t\t\t\t\t\t\t<\/div>\n\t\t\t\t<div class=\"elementor-element elementor-element-8dc0435 elementor-widget elementor-widget-text-editor\" data-id=\"8dc0435\" data-element_type=\"widget\" data-widget_type=\"text-editor.default\">\n\t\t\t\t\t\t\t\t\t<p>HerbalMind Pouches<br><span style=\"font-style: inherit; font-weight: inherit; background-color: var( --e-global-color-astglobalcolor5 ); text-align: var(--text-align); color: var(--ast-global-color-3);\">Tax ID: 6582001910<br><\/span><span style=\"font-style: inherit; font-weight: inherit; background-color: var( --e-global-color-astglobalcolor5 ); text-align: var(--text-align); color: var(--ast-global-color-3);\">REGON: 540259257<\/span><\/p>\t\t\t\t\t\t\t\t<\/div>\n\t\t<div class=\"elementor-element elementor-element-f1f3ac0 e-con-full e-flex e-con e-child\" data-id=\"f1f3ac0\" data-element_type=\"container\">\n\t\t<div class=\"elementor-element elementor-element-827016f e-con-full e-flex e-con e-child\" data-id=\"827016f\" data-element_type=\"container\" data-settings=\"{&quot;background_background&quot;:&quot;classic&quot;}\">\n\t\t\t\t<div class=\"elementor-element elementor-element-ab3d6bb elementor-view-default elementor-widget elementor-widget-icon\" data-id=\"ab3d6bb\" data-element_type=\"widget\" data-widget_type=\"icon.default\">\n\t\t\t\t\t\t\t<div class=\"elementor-icon-wrapper\">\n\t\t\t<div class=\"elementor-icon\">\n\t\t\t<svg aria-hidden=\"true\" class=\"e-font-icon-svg e-fas-phone\" viewBox=\"0 0 512 512\" xmlns=\"http:\/\/www.w3.org\/2000\/svg\"><path d=\"M493.4 24.6l-104-24c-11.3-2.6-22.9 3.3-27.5 13.9l-48 112c-4.2 9.8-1.4 21.3 6.9 28l60.6 49.6c-36 76.7-98.9 140.5-177.2 177.2l-49.6-60.6c-6.8-8.3-18.2-11.1-28-6.9l-112 48C3.9 366.5-2 378.1.6 389.4l24 104C27.1 504.2 36.7 512 48 512c256.1 0 464-207.5 464-464 0-11.2-7.7-20.9-18.6-23.4z\"><\/path><\/svg>\t\t\t<\/div>\n\t\t<\/div>\n\t\t\t\t\t\t<\/div>\n\t\t\t\t<div class=\"elementor-element elementor-element-6fe9a40 elementor-widget elementor-widget-text-editor\" data-id=\"6fe9a40\" data-element_type=\"widget\" data-widget_type=\"text-editor.default\">\n\t\t\t\t\t\t\t\t\t<p>+48 609 213 128<\/p>\t\t\t\t\t\t\t\t<\/div>\n\t\t\t\t<\/div>\n\t\t<div class=\"elementor-element elementor-element-8fbd6a4 e-con-full e-flex e-con e-child\" data-id=\"8fbd6a4\" data-element_type=\"container\" data-settings=\"{&quot;background_background&quot;:&quot;classic&quot;}\">\n\t\t\t\t<div class=\"elementor-element elementor-element-a93ca09 elementor-view-default elementor-widget elementor-widget-icon\" data-id=\"a93ca09\" data-element_type=\"widget\" data-widget_type=\"icon.default\">\n\t\t\t\t\t\t\t<div class=\"elementor-icon-wrapper\">\n\t\t\t<div class=\"elementor-icon\">\n\t\t\t<svg aria-hidden=\"true\" class=\"e-font-icon-svg e-far-envelope\" viewBox=\"0 0 512 512\" xmlns=\"http:\/\/www.w3.org\/2000\/svg\"><path d=\"M464 64H48C21.49 64 0 85.49 0 112v288c0 26.51 21.49 48 48 48h416c26.51 0 48-21.49 48-48V112c0-26.51-21.49-48-48-48zm0 48v40.805c-22.422 18.259-58.168 46.651-134.587 106.49-16.841 13.247-50.201 45.072-73.413 44.701-23.208.375-56.579-31.459-73.413-44.701C106.18 199.465 70.425 171.067 48 152.805V112h416zM48 400V214.398c22.914 18.251 55.409 43.862 104.938 82.646 21.857 17.205 60.134 55.186 103.062 54.955 42.717.231 80.509-37.199 103.053-54.947 49.528-38.783 82.032-64.401 104.947-82.653V400H48z\"><\/path><\/svg>\t\t\t<\/div>\n\t\t<\/div>\n\t\t\t\t\t\t<\/div>\n\t\t\t\t<div class=\"elementor-element elementor-element-2aae527 elementor-widget elementor-widget-text-editor\" data-id=\"2aae527\" data-element_type=\"widget\" data-widget_type=\"text-editor.default\">\n\t\t\t\t\t\t\t\t\t<p>contact@herbalmind.eu<\/p>\t\t\t\t\t\t\t\t<\/div>\n\t\t\t\t<\/div>\n\t\t<div class=\"elementor-element elementor-element-98f4fe1 e-con-full e-flex e-con e-child\" data-id=\"98f4fe1\" data-element_type=\"container\" data-settings=\"{&quot;background_background&quot;:&quot;classic&quot;}\">\n\t\t\t\t<div class=\"elementor-element elementor-element-4ba52ff elementor-view-default elementor-widget elementor-widget-icon\" data-id=\"4ba52ff\" data-element_type=\"widget\" data-widget_type=\"icon.default\">\n\t\t\t\t\t\t\t<div class=\"elementor-icon-wrapper\">\n\t\t\t<div class=\"elementor-icon\">\n\t\t\t<svg aria-hidden=\"true\" class=\"e-font-icon-svg e-fas-map-marker-alt\" viewBox=\"0 0 384 512\" xmlns=\"http:\/\/www.w3.org\/2000\/svg\"><path d=\"M172.268 501.67C26.97 291.031 0 269.413 0 192 0 85.961 85.961 0 192 0s192 85.961 192 192c0 77.413-26.97 99.031-172.268 309.67-9.535 13.774-29.93 13.773-39.464 0zM192 272c44.183 0 80-35.817 80-80s-35.817-80-80-80-80 35.817-80 80 35.817 80 80 80z\"><\/path><\/svg>\t\t\t<\/div>\n\t\t<\/div>\n\t\t\t\t\t\t<\/div>\n\t\t\t\t<div class=\"elementor-element elementor-element-f54d20b elementor-widget elementor-widget-text-editor\" data-id=\"f54d20b\" data-element_type=\"widget\" data-widget_type=\"text-editor.default\">\n\t\t\t\t\t\t\t\t\t<p>B\u0142aszk\u00f3w 69, 26-220 St\u0105pork\u00f3w<\/p>\t\t\t\t\t\t\t\t<\/div>\n\t\t\t\t<\/div>\n\t\t\t\t<\/div>\n\t\t\t\t<\/div>\n\t\t\t\t\t<\/div>\n\t\t\t\t<\/div>\n\t\t\t\t<\/div>\n\t\t","protected":false},"excerpt":{"rendered":"<p>Contact HerbalMind PouchesTax ID: 6582001910REGON: 540259257 +48 609 213 128 contact@herbalmind.eu B\u0142aszk\u00f3w 69, 26-220 St\u0105pork\u00f3w<\/p>\n","protected":false},"author":2,"featured_media":0,"parent":0,"menu_order":0,"comment_status":"closed","ping_status":"closed","template":"","meta":{"site-sidebar-layout":"no-sidebar","site-content-layout":"page-builder","ast-site-content-layout":"full-width-container","site-content-style":"unboxed","site-sidebar-style":"unboxed","ast-global-header-display":"","ast-banner-title-visibility":"","ast-main-header-display":"","ast-hfb-above-header-display":"","ast-hfb-below-header-display":"","ast-hfb-mobile-header-display":"","site-post-title":"disabled","ast-breadcrumbs-content":"","ast-featured-img":"disabled","footer-sml-layout":"","ast-disable-related-posts":"","theme-transparent-header-meta":"enabled","adv-header-id-meta":"","stick-header-meta":"","header-above-stick-meta":"","header-main-stick-meta":"","header-below-stick-meta":"","astra-migrate-meta-layouts":"default","ast-page-background-enabled":"default","ast-page-background-meta":{"desktop":{"background-color":"","background-image":"","background-repeat":"repeat","background-position":"center center","background-size":"auto","background-attachment":"scroll","background-type":"","background-media":"","overlay-type":"","overlay-color":"","overlay-opacity":"","overlay-gradient":""},"tablet":{"background-color":"","background-image":"","background-repeat":"repeat","background-position":"center center","background-size":"auto","background-attachment":"scroll","background-type":"","background-media":"","overlay-type":"","overlay-color":"","overlay-opacity":"","overlay-gradient":""},"mobile":{"background-color":"","background-image":"","background-repeat":"repeat","background-position":"center center","background-size":"auto","background-attachment":"scroll","background-type":"","background-media":"","overlay-type":"","overlay-color":"","overlay-opacity":"","overlay-gradient":""}},"ast-content-background-meta":{"desktop":{"background-color":"var(--ast-global-color-5)","background-image":"","background-repeat":"repeat","background-position":"center center","background-size":"auto","background-attachment":"scroll","background-type":"","background-media":"","overlay-type":"","overlay-color":"","overlay-opacity":"","overlay-gradient":""},"tablet":{"background-color":"var(--ast-global-color-5)","background-image":"","background-repeat":"repeat","background-position":"center center","background-size":"auto","background-attachment":"scroll","background-type":"","background-media":"","overlay-type":"","overlay-color":"","overlay-opacity":"","overlay-gradient":""},"mobile":{"background-color":"var(--ast-global-color-5)","background-image":"","background-repeat":"repeat","background-position":"center center","background-size":"auto","background-attachment":"scroll","background-type":"","background-media":"","overlay-type":"","overlay-color":"","overlay-opacity":"","overlay-gradient":""}},"footnotes":""},"class_list":["post-10498","page","type-page","status-publish","hentry"],"yoast_head":"<!-- This site is optimized with the Yoast SEO plugin v27.3 - https:\/\/yoast.com\/product\/yoast-seo-wordpress\/ -->\n<title>Contact - HerbalMind - Caffeine and Adaptogen Pouches<\/title>\n<meta name=\"description\" content=\"Contact - HerbalMind Pouches - Caffeine and Adaptogen Pouches - Caffeine Snus\" \/>\n<meta name=\"robots\" content=\"index, follow, max-snippet:-1, max-image-preview:large, max-video-preview:-1\" \/>\n<link rel=\"canonical\" href=\"https:\/\/herbalmind.eu\/en\/contact\/\" \/>\n<meta property=\"og:locale\" content=\"en_US\" \/>\n<meta property=\"og:type\" content=\"article\" \/>\n<meta property=\"og:title\" content=\"Contact - HerbalMind - Caffeine and Adaptogen Pouches\" \/>\n<meta property=\"og:description\" content=\"Contact - HerbalMind Pouches - Caffeine and Adaptogen Pouches - Caffeine Snus\" \/>\n<meta property=\"og:url\" content=\"https:\/\/herbalmind.eu\/en\/contact\/\" \/>\n<meta property=\"og:site_name\" content=\"Herbalmind\" \/>\n<meta property=\"article:publisher\" content=\"https:\/\/www.facebook.com\/saszetki.energetyczne.herbal.mind\" \/>\n<meta property=\"article:modified_time\" content=\"2026-04-02T18:30:12+00:00\" \/>\n<meta property=\"og:image\" content=\"https:\/\/mlclwwviohof.i.optimole.com\/cb:cQWT.bc6\/w:auto\/h:auto\/q:mauto\/g:sm\/f:best\/https:\/\/herbalmind.eu\/wp-content\/uploads\/2025\/07\/woreczki-energetyczne-herbalmind-wlepa-ziolowy-woreczek.png\" \/>\n\t<meta property=\"og:image:width\" content=\"512\" \/>\n\t<meta property=\"og:image:height\" content=\"512\" \/>\n\t<meta property=\"og:image:type\" content=\"image\/png\" \/>\n<meta name=\"twitter:card\" content=\"summary_large_image\" \/>\n<script type=\"application\/ld+json\" class=\"yoast-schema-graph\">{\"@context\":\"https:\\\/\\\/schema.org\",\"@graph\":[{\"@type\":\"WebPage\",\"@id\":\"https:\\\/\\\/herbalmind.eu\\\/en\\\/contact\\\/\",\"url\":\"https:\\\/\\\/herbalmind.eu\\\/en\\\/contact\\\/\",\"name\":\"Contact - HerbalMind - Caffeine and Adaptogen Pouches\",\"isPartOf\":{\"@id\":\"https:\\\/\\\/herbalmind.eu\\\/en\\\/#website\"},\"primaryImageOfPage\":{\"@id\":\"https:\\\/\\\/herbalmind.eu\\\/en\\\/contact\\\/#primaryimage\"},\"image\":{\"@id\":\"https:\\\/\\\/herbalmind.eu\\\/en\\\/contact\\\/#primaryimage\"},\"thumbnailUrl\":\"https:\\/\\/herbalmind.eu\\/wp-content\\/uploads\\/2025\\/07\\/woreczki-energetyczne-herbalmind-wlepa-ziolowy-woreczek.png\",\"datePublished\":\"2025-07-12T15:48:27+00:00\",\"dateModified\":\"2026-04-02T18:30:12+00:00\",\"description\":\"Contact - HerbalMind Pouches - Caffeine and Adaptogen Pouches - Caffeine Snus\",\"breadcrumb\":{\"@id\":\"https:\\\/\\\/herbalmind.eu\\\/en\\\/contact\\\/#breadcrumb\"},\"inLanguage\":\"en-US\",\"potentialAction\":[{\"@type\":\"ReadAction\",\"target\":[\"https:\\\/\\\/herbalmind.eu\\\/en\\\/contact\\\/\"]}]},{\"@type\":\"ImageObject\",\"inLanguage\":\"en-US\",\"@id\":\"https:\\\/\\\/herbalmind.eu\\\/en\\\/contact\\\/#primaryimage\",\"url\":\"https:\\/\\/herbalmind.eu\\/wp-content\\/uploads\\/2025\\/07\\/woreczki-energetyczne-herbalmind-wlepa-ziolowy-woreczek.png\",\"contentUrl\":\"https:\\/\\/herbalmind.eu\\/wp-content\\/uploads\\/2025\\/07\\/woreczki-energetyczne-herbalmind-wlepa-ziolowy-woreczek.png\"},{\"@type\":\"BreadcrumbList\",\"@id\":\"https:\\\/\\\/herbalmind.eu\\\/en\\\/contact\\\/#breadcrumb\",\"itemListElement\":[{\"@type\":\"ListItem\",\"position\":1,\"name\":\"Strona g\u0142\u00f3wna\",\"item\":\"https:\\\/\\\/herbalmind.eu\\\/en\\\/home\\\/\"},{\"@type\":\"ListItem\",\"position\":2,\"name\":\"Contact\"}]},{\"@type\":\"WebSite\",\"@id\":\"https:\\\/\\\/herbalmind.eu\\\/en\\\/#website\",\"url\":\"https:\\\/\\\/herbalmind.eu\\\/en\\\/\",\"name\":\"HerbalMind Pouches\",\"description\":\"- Snusy kofeinowe, woreczki energetyczne, saszetki\",\"publisher\":{\"@id\":\"https:\\\/\\\/herbalmind.eu\\\/en\\\/#organization\"},\"potentialAction\":[{\"@type\":\"SearchAction\",\"target\":{\"@type\":\"EntryPoint\",\"urlTemplate\":\"https:\\\/\\\/herbalmind.eu\\\/en\\\/?s={search_term_string}\"},\"query-input\":{\"@type\":\"PropertyValueSpecification\",\"valueRequired\":true,\"valueName\":\"search_term_string\"}}],\"inLanguage\":\"en-US\"},{\"@type\":\"Organization\",\"@id\":\"https:\\\/\\\/herbalmind.eu\\\/en\\\/#organization\",\"name\":\"HerbalMind Pouches\",\"url\":\"https:\\\/\\\/herbalmind.eu\\\/en\\\/\",\"logo\":{\"@type\":\"ImageObject\",\"inLanguage\":\"en-US\",\"@id\":\"https:\\\/\\\/herbalmind.eu\\\/en\\\/#\\\/schema\\\/logo\\\/image\\\/\",\"url\":\"https:\\/\\/herbalmind.eu\\/wp-content\\/uploads\\/2025\\/07\\/logo-herbalmind-snusy-kofeinowe-black-2.svg\",\"contentUrl\":\"https:\\/\\/herbalmind.eu\\/wp-content\\/uploads\\/2025\\/07\\/logo-herbalmind-snusy-kofeinowe-black-2.svg\",\"width\":600,\"height\":526,\"caption\":\"HerbalMind Pouches\"},\"image\":{\"@id\":\"https:\\\/\\\/herbalmind.eu\\\/en\\\/#\\\/schema\\\/logo\\\/image\\\/\"},\"sameAs\":[\"https:\\\/\\\/www.facebook.com\\\/saszetki.energetyczne.herbal.mind\",\"https:\\\/\\\/www.instagram.com\\\/herbal_mind_pouches\"]}]}<\/script>\n<!-- \/ Yoast SEO plugin. -->","yoast_head_json":{"title":"Contact - HerbalMind - Caffeine and Adaptogen Pouches","description":"Contact - HerbalMind Pouches - Caffeine and Adaptogen Pouches - Caffeine Snus","robots":{"index":"index","follow":"follow","max-snippet":"max-snippet:-1","max-image-preview":"max-image-preview:large","max-video-preview":"max-video-preview:-1"},"canonical":"https:\/\/herbalmind.eu\/en\/contact\/","og_locale":"en_US","og_type":"article","og_title":"Contact - HerbalMind - Caffeine and Adaptogen Pouches","og_description":"Contact - HerbalMind Pouches - Caffeine and Adaptogen Pouches - Caffeine Snus","og_url":"https:\/\/herbalmind.eu\/en\/contact\/","og_site_name":"Herbalmind","article_publisher":"https:\/\/www.facebook.com\/saszetki.energetyczne.herbal.mind","article_modified_time":"2026-04-02T18:30:12+00:00","og_image":[{"width":512,"height":512,"url":"https:\/\/mlclwwviohof.i.optimole.com\/cb:cQWT.bc6\/w:auto\/h:auto\/q:mauto\/g:sm\/f:best\/https:\/\/herbalmind.eu\/wp-content\/uploads\/2025\/07\/woreczki-energetyczne-herbalmind-wlepa-ziolowy-woreczek.png","type":"image\/png"}],"twitter_card":"summary_large_image","schema":{"@context":"https:\/\/schema.org","@graph":[{"@type":"WebPage","@id":"https:\/\/herbalmind.eu\/en\/contact\/","url":"https:\/\/herbalmind.eu\/en\/contact\/","name":"Contact - HerbalMind - Caffeine and Adaptogen Pouches","isPartOf":{"@id":"https:\/\/herbalmind.eu\/en\/#website"},"primaryImageOfPage":{"@id":"https:\/\/herbalmind.eu\/en\/contact\/#primaryimage"},"image":{"@id":"https:\/\/herbalmind.eu\/en\/contact\/#primaryimage"},"thumbnailUrl":"https:\/\/mlclwwviohof.i.optimole.com\/cb:cQWT.bc6\/w:auto\/h:auto\/q:mauto\/g:sm\/f:best\/https:\/\/herbalmind.eu\/wp-content\/uploads\/2025\/07\/woreczki-energetyczne-herbalmind-wlepa-ziolowy-woreczek.png","datePublished":"2025-07-12T15:48:27+00:00","dateModified":"2026-04-02T18:30:12+00:00","description":"Contact - HerbalMind Pouches - Caffeine and Adaptogen Pouches - Caffeine Snus","breadcrumb":{"@id":"https:\/\/herbalmind.eu\/en\/contact\/#breadcrumb"},"inLanguage":"en-US","potentialAction":[{"@type":"ReadAction","target":["https:\/\/herbalmind.eu\/en\/contact\/"]}]},{"@type":"ImageObject","inLanguage":"en-US","@id":"https:\/\/herbalmind.eu\/en\/contact\/#primaryimage","url":"https:\/\/mlclwwviohof.i.optimole.com\/cb:cQWT.bc6\/w:auto\/h:auto\/q:mauto\/g:sm\/f:best\/https:\/\/herbalmind.eu\/wp-content\/uploads\/2025\/07\/woreczki-energetyczne-herbalmind-wlepa-ziolowy-woreczek.png","contentUrl":"https:\/\/mlclwwviohof.i.optimole.com\/cb:cQWT.bc6\/w:auto\/h:auto\/q:mauto\/g:sm\/f:best\/https:\/\/herbalmind.eu\/wp-content\/uploads\/2025\/07\/woreczki-energetyczne-herbalmind-wlepa-ziolowy-woreczek.png"},{"@type":"BreadcrumbList","@id":"https:\/\/herbalmind.eu\/en\/contact\/#breadcrumb","itemListElement":[{"@type":"ListItem","position":1,"name":"Strona g\u0142\u00f3wna","item":"https:\/\/herbalmind.eu\/en\/home\/"},{"@type":"ListItem","position":2,"name":"Contact"}]},{"@type":"WebSite","@id":"https:\/\/herbalmind.eu\/en\/#website","url":"https:\/\/herbalmind.eu\/en\/","name":"HerbalMind Pouches","description":"- Snusy kofeinowe, woreczki energetyczne, saszetki","publisher":{"@id":"https:\/\/herbalmind.eu\/en\/#organization"},"potentialAction":[{"@type":"SearchAction","target":{"@type":"EntryPoint","urlTemplate":"https:\/\/herbalmind.eu\/en\/?s={search_term_string}"},"query-input":{"@type":"PropertyValueSpecification","valueRequired":true,"valueName":"search_term_string"}}],"inLanguage":"en-US"},{"@type":"Organization","@id":"https:\/\/herbalmind.eu\/en\/#organization","name":"HerbalMind Pouches","url":"https:\/\/herbalmind.eu\/en\/","logo":{"@type":"ImageObject","inLanguage":"en-US","@id":"https:\/\/herbalmind.eu\/en\/#\/schema\/logo\/image\/","url":"https:\/\/mlclwwviohof.i.optimole.com\/cb:cQWT.bc6\/w:auto\/h:auto\/q:mauto\/g:sm\/f:best\/ig:avif\/https:\/\/herbalmind.eu\/wp-content\/uploads\/2025\/07\/logo-herbalmind-snusy-kofeinowe-black-2.svg","contentUrl":"https:\/\/mlclwwviohof.i.optimole.com\/cb:cQWT.bc6\/w:auto\/h:auto\/q:mauto\/g:sm\/f:best\/ig:avif\/https:\/\/herbalmind.eu\/wp-content\/uploads\/2025\/07\/logo-herbalmind-snusy-kofeinowe-black-2.svg","width":600,"height":526,"caption":"HerbalMind Pouches"},"image":{"@id":"https:\/\/herbalmind.eu\/en\/#\/schema\/logo\/image\/"},"sameAs":["https:\/\/www.facebook.com\/saszetki.energetyczne.herbal.mind","https:\/\/www.instagram.com\/herbal_mind_pouches"]}]}},"_links":{"self":[{"href":"https:\/\/herbalmind.eu\/en\/wp-json\/wp\/v2\/pages\/10498","targetHints":{"allow":["GET"]}}],"collection":[{"href":"https:\/\/herbalmind.eu\/en\/wp-json\/wp\/v2\/pages"}],"about":[{"href":"https:\/\/herbalmind.eu\/en\/wp-json\/wp\/v2\/types\/page"}],"author":[{"embeddable":true,"href":"https:\/\/herbalmind.eu\/en\/wp-json\/wp\/v2\/users\/2"}],"replies":[{"embeddable":true,"href":"https:\/\/herbalmind.eu\/en\/wp-json\/wp\/v2\/comments?post=10498"}],"version-history":[{"count":1,"href":"https:\/\/herbalmind.eu\/en\/wp-json\/wp\/v2\/pages\/10498\/revisions"}],"predecessor-version":[{"id":10500,"href":"https:\/\/herbalmind.eu\/en\/wp-json\/wp\/v2\/pages\/10498\/revisions\/10500"}],"wp:attachment":[{"href":"https:\/\/herbalmind.eu\/en\/wp-json\/wp\/v2\/media?parent=10498"}],"curies":[{"name":"wp","href":"https:\/\/api.w.org\/{rel}","templated":true}]}}